{"id":807,"date":"2024-03-18T22:09:50","date_gmt":"2024-03-18T21:09:50","guid":{"rendered":"https:\/\/re6divist.fr\/prod\/?page_id=807"},"modified":"2024-03-18T22:09:50","modified_gmt":"2024-03-18T21:09:50","slug":"2015-02-06","status":"publish","type":"page","link":"https:\/\/re6divist.fr\/prod\/2015-02-06\/","title":{"rendered":"2015-02-06"},"content":{"rendered":"\n<p><em>L&rsquo;Eden Caf\u00e9<\/em><\/p>\n\n\n\n<p>Vid\u00e9os<\/p>\n\n\n\n<figure class=\"wp-block-embed is-type-video is-provider-youtube wp-block-embed-youtube wp-embed-aspect-16-9 wp-has-aspect-ratio\"><div class=\"wp-block-embed__wrapper\">\n<iframe loading=\"lazy\" title=\"Soir\u00e9e R\u00e96divist a l&#039;Eden caf\u00e9 a Amiens 06\/02\/2015\" width=\"500\" height=\"281\" src=\"https:\/\/www.youtube.com\/embed\/-8b5EkxN2Xc?feature=oembed\" frameborder=\"0\" allow=\"accelerometer; autoplay; clipboard-write; encrypted-media; gyroscope; picture-in-picture; web-share\" referrerpolicy=\"strict-origin-when-cross-origin\" allowfullscreen><\/iframe>\n<\/div><\/figure>\n\n\n\n<figure class=\"wp-block-embed is-type-video is-provider-youtube wp-block-embed-youtube wp-embed-aspect-16-9 wp-has-aspect-ratio\"><div class=\"wp-block-embed__wrapper\">\n<iframe loading=\"lazy\" title=\"Soir\u00e9e R\u00e96divist a l&#039;Eden caf\u00e9 a Amiens 06\/02\/2015! (2)\" width=\"500\" height=\"281\" src=\"https:\/\/www.youtube.com\/embed\/r6Y0w20GXtc?feature=oembed\" frameborder=\"0\" allow=\"accelerometer; autoplay; clipboard-write; encrypted-media; gyroscope; picture-in-picture; web-share\" referrerpolicy=\"strict-origin-when-cross-origin\" allowfullscreen><\/iframe>\n<\/div><\/figure>\n\n\n\n<p>Photos<\/p>\n\n\n\nngg_shortcode_0_placeholder\n","protected":false},"excerpt":{"rendered":"<p>L&rsquo;Eden Caf\u00e9 Vid\u00e9os Photos<\/p>\n","protected":false},"author":1,"featured_media":0,"parent":0,"menu_order":0,"comment_status":"closed","ping_status":"closed","template":"","meta":{"ngg_post_thumbnail":0,"footnotes":""},"class_list":["post-807","page","type-page","status-publish","hentry"],"_links":{"self":[{"href":"https:\/\/re6divist.fr\/prod\/wp-json\/wp\/v2\/pages\/807","targetHints":{"allow":["GET"]}}],"collection":[{"href":"https:\/\/re6divist.fr\/prod\/wp-json\/wp\/v2\/pages"}],"about":[{"href":"https:\/\/re6divist.fr\/prod\/wp-json\/wp\/v2\/types\/page"}],"author":[{"embeddable":true,"href":"https:\/\/re6divist.fr\/prod\/wp-json\/wp\/v2\/users\/1"}],"replies":[{"embeddable":true,"href":"https:\/\/re6divist.fr\/prod\/wp-json\/wp\/v2\/comments?post=807"}],"version-history":[{"count":1,"href":"https:\/\/re6divist.fr\/prod\/wp-json\/wp\/v2\/pages\/807\/revisions"}],"predecessor-version":[{"id":808,"href":"https:\/\/re6divist.fr\/prod\/wp-json\/wp\/v2\/pages\/807\/revisions\/808"}],"wp:attachment":[{"href":"https:\/\/re6divist.fr\/prod\/wp-json\/wp\/v2\/media?parent=807"}],"curies":[{"name":"wp","href":"https:\/\/api.w.org\/{rel}","templated":true}]}}